{"id":2221,"date":"2019-03-11T16:14:59","date_gmt":"2019-03-11T15:14:59","guid":{"rendered":"https:\/\/nanoasia.ee\/nanoasia\/?page_id=2221"},"modified":"2019-05-30T03:08:35","modified_gmt":"2019-05-30T01:08:35","slug":"about-us","status":"publish","type":"page","link":"https:\/\/nanoasia.eu\/en\/about-us\/","title":{"rendered":"ABOUT US"},"content":{"rendered":"<div class=\"wpb-content-wrapper\"><p>[vc_row][vc_column]<div class=\"dt-fancy-separator h2-size title-color\" style=\"width: 100%;\"><div class=\"dt-fancy-title\"><span class=\"separator-holder separator-left\"><\/span>NANOASIA intellektuaalne nanotehnoloogia L\u00f5una-Koreast<span class=\"separator-holder separator-right\"><\/span><\/div><\/div>[vc_empty_space height=&#8221;20px&#8221;][\/vc_column][\/vc_row][vc_row][vc_column width=&#8221;1\/2&#8243;][vc_single_image image=&#8221;1959&#8243; img_size=&#8221;full&#8221;][\/vc_column][vc_column width=&#8221;1\/2&#8243;][vc_column_text]Me usume, et iluretseptid peituvad looduse enese sees ja taimedest saadud komponente saab \u00fchendada koos teaduslike uuringute ning nanotehnoloogiatega. NANOASIA kosmeetikatoodetel on k\u00f5rgeim kvaliteet, nad annavad maksimaalse tulemuse ja<br \/>\nn\u00e4htava WOW-efekti juba peale esimest kasutamist.<\/p>\n<p>Me j\u00e4lgime rangelt k\u00f5rgeid standarte ja n\u00f5udmisi ning sellep\u00e4rast t\u00f6\u00f6tame ainult laborite ja tehastega,<br \/>\nmis omavad rahvusvahelise taseme farmakoloogilisi standarte nagu n\u00e4iteks GMP. Meie laborid valivad toorained v\u00e4ga hoolikalt.<br \/>\nProfessionaalsed spetsialistid j\u00e4lgivad kaubasaadetisi igal tootmistasandil.<\/p>\n<p>NANOASIA kosmeetikatoodete unikaalse kvaliteedi ja t\u00f5hususe kombinatsioon kingib Teile noorust ja ilu iga p\u00e4ev.<br \/>\nArstid-kosmetoloogid, dermatoloogid ja plastilised kirurgid rakendavad edukalt NANOASIA tooteid oma t\u00f6\u00f6s. Samuti v\u00f5ivad meie kliendid iseseisvalt ja kodutingimustes s\u00e4ilitada salongiprotseduuride tulemusi. Teaduslikult p\u00f5hjendatud tehnoloogiad ja patenteeritud valemid annavad v\u00f5imaluse saada n\u00e4htav efekt kohe peale esimest protseduuri. See ei ole meditsiiniline protseduur ning ei n\u00f5ua meditsiinilist litsentsi. Tooted on v\u00e4lja t\u00f6\u00f6tatud L\u00f5una-Koreas euroopa nahat\u00fc\u00fcbi jaoks NANOASIA tehnilise \u00fclesande j\u00e4rgi. NANOASIA on registreeritud kaubam\u00e4rk.[\/vc_column_text][\/vc_column][\/vc_row]<\/p>\n<\/div>","protected":false},"excerpt":{"rendered":"<p>[vc_row][vc_column][vc_empty_space height=&#8221;20px&#8221;][\/vc_column][\/vc_row][vc_row][vc_column width=&#8221;1\/2&#8243;][vc_single_image image=&#8221;1959&#8243; img_size=&#8221;full&#8221;][\/vc_column][vc_column width=&#8221;1\/2&#8243;][vc_column_text]Me usume, et iluretseptid peituvad looduse enese sees ja taimedest saadud komponente saab \u00fchendada koos teaduslike uuringute ning nanotehnoloogiatega. NANOASIA kosmeetikatoodetel on k\u00f5rgeim kvaliteet, nad annavad maksimaalse tulemuse ja n\u00e4htava WOW-efekti juba peale esimest kasutamist. Me j\u00e4lgime rangelt k\u00f5rgeid standarte ja n\u00f5udmisi ning sellep\u00e4rast t\u00f6\u00f6tame ainult laborite ja tehastega, mis&hellip;<\/p>\n","protected":false},"author":1,"featured_media":0,"parent":0,"menu_order":0,"comment_status":"closed","ping_status":"closed","template":"","meta":{"footnotes":""},"class_list":["post-2221","page","type-page","status-publish","hentry","description-off"],"_links":{"self":[{"href":"https:\/\/nanoasia.eu\/en\/wp-json\/wp\/v2\/pages\/2221","targetHints":{"allow":["GET"]}}],"collection":[{"href":"https:\/\/nanoasia.eu\/en\/wp-json\/wp\/v2\/pages"}],"about":[{"href":"https:\/\/nanoasia.eu\/en\/wp-json\/wp\/v2\/types\/page"}],"author":[{"embeddable":true,"href":"https:\/\/nanoasia.eu\/en\/wp-json\/wp\/v2\/users\/1"}],"replies":[{"embeddable":true,"href":"https:\/\/nanoasia.eu\/en\/wp-json\/wp\/v2\/comments?post=2221"}],"version-history":[{"count":0,"href":"https:\/\/nanoasia.eu\/en\/wp-json\/wp\/v2\/pages\/2221\/revisions"}],"wp:attachment":[{"href":"https:\/\/nanoasia.eu\/en\/wp-json\/wp\/v2\/media?parent=2221"}],"curies":[{"name":"wp","href":"https:\/\/api.w.org\/{rel}","templated":true}]}}